{"id":730,"date":"2025-01-28T16:42:49","date_gmt":"2025-01-28T15:42:49","guid":{"rendered":"https:\/\/esehospitalguamalmagdalena.gov.co\/web\/?page_id=730"},"modified":"2025-01-28T20:24:59","modified_gmt":"2025-01-28T19:24:59","slug":"noticias","status":"publish","type":"page","link":"https:\/\/esehospitalguamalmagdalena.gov.co\/web\/noticias\/","title":{"rendered":"Noticias"},"content":{"rendered":"\t\t<div data-elementor-type=\"wp-page\" data-elementor-id=\"730\" class=\"elementor elementor-730\">\n\t\t\t\t\t\t<section class=\"elementor-section elementor-top-section elementor-element elementor-element-9e5ecb2 elementor-section-full_width elementor-section-stretched elementor-section-height-default elementor-section-height-default\" data-id=\"9e5ecb2\" data-element_type=\"section\" data-settings=\"{&quot;stretch_section&quot;:&quot;section-stretched&quot;}\">\n\t\t\t\t\t\t<div class=\"elementor-container elementor-column-gap-wider\">\n\t\t\t\t\t<div class=\"elementor-column elementor-col-100 elementor-top-column elementor-element elementor-element-c9e89d7\" data-id=\"c9e89d7\" data-element_type=\"column\" data-settings=\"{&quot;background_background&quot;:&quot;classic&quot;}\">\n\t\t\t<div class=\"elementor-widget-wrap elementor-element-populated\">\n\t\t\t\t\t\t<section class=\"elementor-section elementor-inner-section elementor-element elementor-element-1671768 elementor-section-content-middle elementor-section-boxed elementor-section-height-default elementor-section-height-default\" data-id=\"1671768\" data-element_type=\"section\">\n\t\t\t\t\t\t<div class=\"elementor-container elementor-column-gap-no\">\n\t\t\t\t\t<div class=\"elementor-column elementor-col-50 elementor-inner-column elementor-element elementor-element-0dac27a\" data-id=\"0dac27a\" data-element_type=\"column\">\n\t\t\t<div class=\"elementor-widget-wrap elementor-element-populated\">\n\t\t\t\t\t\t<div class=\"elementor-element elementor-element-17cac21 elementor-widget elementor-widget-heading\" data-id=\"17cac21\" data-element_type=\"widget\" data-widget_type=\"heading.default\">\n\t\t\t\t<div class=\"elementor-widget-container\">\n\t\t\t<h1 class=\"elementor-heading-title elementor-size-default\">Noticias<\/h1>\t\t<\/div>\n\t\t\t\t<\/div>\n\t\t\t\t\t<\/div>\n\t\t<\/div>\n\t\t\t\t<div class=\"elementor-column elementor-col-50 elementor-inner-column elementor-element elementor-element-76e5b28\" data-id=\"76e5b28\" data-element_type=\"column\">\n\t\t\t<div class=\"elementor-widget-wrap\">\n\t\t\t\t\t\t\t<\/div>\n\t\t<\/div>\n\t\t\t\t\t<\/div>\n\t\t<\/section>\n\t\t\t\t\t<\/div>\n\t\t<\/div>\n\t\t\t\t\t<\/div>\n\t\t<\/section>\n\t\t\t\t<section class=\"elementor-section elementor-top-section elementor-element elementor-element-1bc5c58 elementor-section-full_width elementor-section-stretched elementor-section-height-default elementor-section-height-default\" data-id=\"1bc5c58\" data-element_type=\"section\" data-settings=\"{&quot;stretch_section&quot;:&quot;section-stretched&quot;}\">\n\t\t\t\t\t\t<div class=\"elementor-container elementor-column-gap-wider\">\n\t\t\t\t\t<div class=\"elementor-column elementor-col-100 elementor-top-column elementor-element elementor-element-659828f\" data-id=\"659828f\" data-element_type=\"column\">\n\t\t\t<div class=\"elementor-widget-wrap elementor-element-populated\">\n\t\t\t\t\t\t<div class=\"elementor-element elementor-element-6b4c344 elementor-widget elementor-widget-mfn_blog\" data-id=\"6b4c344\" data-element_type=\"widget\" data-widget_type=\"mfn_blog.default\">\n\t\t\t\t<div class=\"elementor-widget-container\">\n\t\t\t<div class=\"column_filters\"><div class=\"blog_wrapper isotope_wrapper clearfix\"><div class=\"posts_group lm_wrapper col-3 grid\"><article class=\"post post-item isotope-item clearfix post-896 type-post status-publish format-standard has-post-thumbnail hentry\" style=\"\"><div class=\"date_label\">19 de febrero de 2025<\/div><div class=\"image_frame post-photo-wrapper scale-with-grid image\"><div class=\"image_wrapper\"><a href=\"https:\/\/esehospitalguamalmagdalena.gov.co\/web\/2025\/02\/19\/estadosfinancieros\/\"><div class=\"mask\"><\/div><img fetchpriority=\"high\" decoding=\"async\" width=\"866\" height=\"487\" src=\"https:\/\/esehospitalguamalmagdalena.gov.co\/web\/wp-content\/uploads\/2025\/01\/planes-de-accion.jpg\" class=\"scale-with-grid wp-post-image\" alt=\"\" srcset=\"https:\/\/esehospitalguamalmagdalena.gov.co\/web\/wp-content\/uploads\/2025\/01\/planes-de-accion.jpg 866w, https:\/\/esehospitalguamalmagdalena.gov.co\/web\/wp-content\/uploads\/2025\/01\/planes-de-accion-500x281.jpg 500w, https:\/\/esehospitalguamalmagdalena.gov.co\/web\/wp-content\/uploads\/2025\/01\/planes-de-accion-300x169.jpg 300w, https:\/\/esehospitalguamalmagdalena.gov.co\/web\/wp-content\/uploads\/2025\/01\/planes-de-accion-768x432.jpg 768w, https:\/\/esehospitalguamalmagdalena.gov.co\/web\/wp-content\/uploads\/2025\/01\/planes-de-accion-133x75.jpg 133w, https:\/\/esehospitalguamalmagdalena.gov.co\/web\/wp-content\/uploads\/2025\/01\/planes-de-accion-480x270.jpg 480w\" sizes=\"(max-width:767px) 480px, (max-width:866px) 100vw, 866px\" \/><\/a><div class=\"image_links double\"><a class=\"zoom \"  rel=\"prettyphoto\" href=\"https:\/\/esehospitalguamalmagdalena.gov.co\/web\/wp-content\/uploads\/2025\/01\/planes-de-accion.jpg\"><svg viewBox=\"0 0 26 26\"><defs><style>.path{fill:none;stroke:#333;stroke-miterlimit:10;stroke-width:1.5px;}<\/style><\/defs><circle cx=\"11.35\" cy=\"11.35\" r=\"6\" class=\"path\"><\/circle><line x1=\"15.59\" y1=\"15.59\" x2=\"20.65\" y2=\"20.65\" class=\"path\"><\/line><\/svg><\/a><a class=\"link \"  href=\"https:\/\/esehospitalguamalmagdalena.gov.co\/web\/2025\/02\/19\/estadosfinancieros\/\"><svg viewBox=\"0 0 26 26\"><defs><style>.path{fill:none;stroke:#333;stroke-miterlimit:10;stroke-width:1.5px;}<\/style><\/defs><g><path d=\"M10.17,8.76l2.12-2.12a5,5,0,0,1,7.07,0h0a5,5,0,0,1,0,7.07l-2.12,2.12\" class=\"path\"><\/path><path d=\"M15.83,17.24l-2.12,2.12a5,5,0,0,1-7.07,0h0a5,5,0,0,1,0-7.07l2.12-2.12\" class=\"path\"><\/path><line x1=\"10.17\" y1=\"15.83\" x2=\"15.83\" y2=\"10.17\" class=\"path\"><\/line><\/g><\/svg><\/a><\/div><\/div><\/div><div class=\"post-desc-wrapper bg- has-custom-bg\" style=\"\"><div class=\"post-desc\"><div class=\"post-head\"><div class=\"post-meta clearfix\"><div class=\"author-date\"><span class=\"vcard author post-author\"><span class=\"label\">Published by <\/span><i class=\"icon-user\" aria-label=\"author\"><\/i> <span class=\"fn\"><a href=\"https:\/\/esehospitalguamalmagdalena.gov.co\/web\/author\/danycabarcasgmail-com\/\">danycabarcas@gmail.com<\/a><\/span><\/span> <span class=\"date\"><span class=\"label\">on <\/span><i class=\"icon-clock\"><\/i> <span class=\"post-date updated\">19 de febrero de 2025<\/span><\/span><\/div><div class=\"category\"><span class=\"cat-btn\">Categories <i class=\"icon-down-dir\" aria-hidden=\"true\"><\/i><\/span><div class=\"cat-wrapper\">Sin categor\u00eda<\/div><\/div><\/div><\/div><div class=\"post-title\"><h4 class=\"entry-title \" itemprop=\"headline\"><a href=\"https:\/\/esehospitalguamalmagdalena.gov.co\/web\/2025\/02\/19\/estadosfinancieros\/\">ESTADOS FINANCIEROS 31 DICIEMBRE 2024<\/a><\/h4><\/div><div class=\"post-excerpt\">Publicaci\u00f3n de los Estados Financieros a Diciembre de 2024 Ese Nuestra Se\u00f1ora del Carmen &#8211; Guamal Magdalena A continuaci\u00f3n podr\u00e1 descargarlos o visualizar los informes.<\/div><div class=\"post-footer\"><div class=\"button-love\"><span class=\"love-text\">Do you like it?<\/span><a href=\"#\" class=\"mfn-love \" data-id=\"896\"><span class=\"icons-wrapper\"><i class=\"icon-heart-empty-fa\"><\/i><i class=\"icon-heart-fa\"><\/i><\/span><span class=\"label\">0<\/span><\/a><\/div><div class=\"post-links\"><i class=\"icon-comment-empty-fa\" aria-label=\"number of comments\"><\/i> <a href=\"https:\/\/esehospitalguamalmagdalena.gov.co\/web\/2025\/02\/19\/estadosfinancieros\/#respond\" class=\"post-comments\">0<\/a><i class=\"icon-doc-text\" aria-hidden=\"true\"><\/i> <a href=\"https:\/\/esehospitalguamalmagdalena.gov.co\/web\/2025\/02\/19\/estadosfinancieros\/\" class=\"post-more\">Read more<\/a><\/div><\/div><\/div><\/div><\/article><article class=\"post post-item isotope-item clearfix post-868 type-post status-publish format-standard has-post-thumbnail hentry\" style=\"\"><div class=\"date_label\">30 de enero de 2025<\/div><div class=\"image_frame post-photo-wrapper scale-with-grid image\"><div class=\"image_wrapper\"><a href=\"https:\/\/esehospitalguamalmagdalena.gov.co\/web\/2025\/01\/30\/868\/\"><div class=\"mask\"><\/div><img fetchpriority=\"high\" decoding=\"async\" width=\"866\" height=\"487\" src=\"https:\/\/esehospitalguamalmagdalena.gov.co\/web\/wp-content\/uploads\/2025\/01\/planes-de-accion.jpg\" class=\"scale-with-grid wp-post-image\" alt=\"\" srcset=\"https:\/\/esehospitalguamalmagdalena.gov.co\/web\/wp-content\/uploads\/2025\/01\/planes-de-accion.jpg 866w, https:\/\/esehospitalguamalmagdalena.gov.co\/web\/wp-content\/uploads\/2025\/01\/planes-de-accion-500x281.jpg 500w, https:\/\/esehospitalguamalmagdalena.gov.co\/web\/wp-content\/uploads\/2025\/01\/planes-de-accion-300x169.jpg 300w, https:\/\/esehospitalguamalmagdalena.gov.co\/web\/wp-content\/uploads\/2025\/01\/planes-de-accion-768x432.jpg 768w, https:\/\/esehospitalguamalmagdalena.gov.co\/web\/wp-content\/uploads\/2025\/01\/planes-de-accion-133x75.jpg 133w, https:\/\/esehospitalguamalmagdalena.gov.co\/web\/wp-content\/uploads\/2025\/01\/planes-de-accion-480x270.jpg 480w\" sizes=\"(max-width:767px) 480px, (max-width:866px) 100vw, 866px\" \/><\/a><div class=\"image_links double\"><a class=\"zoom \"  rel=\"prettyphoto\" href=\"https:\/\/esehospitalguamalmagdalena.gov.co\/web\/wp-content\/uploads\/2025\/01\/planes-de-accion.jpg\"><svg viewBox=\"0 0 26 26\"><defs><style>.path{fill:none;stroke:#333;stroke-miterlimit:10;stroke-width:1.5px;}<\/style><\/defs><circle cx=\"11.35\" cy=\"11.35\" r=\"6\" class=\"path\"><\/circle><line x1=\"15.59\" y1=\"15.59\" x2=\"20.65\" y2=\"20.65\" class=\"path\"><\/line><\/svg><\/a><a class=\"link \"  href=\"https:\/\/esehospitalguamalmagdalena.gov.co\/web\/2025\/01\/30\/868\/\"><svg viewBox=\"0 0 26 26\"><defs><style>.path{fill:none;stroke:#333;stroke-miterlimit:10;stroke-width:1.5px;}<\/style><\/defs><g><path d=\"M10.17,8.76l2.12-2.12a5,5,0,0,1,7.07,0h0a5,5,0,0,1,0,7.07l-2.12,2.12\" class=\"path\"><\/path><path d=\"M15.83,17.24l-2.12,2.12a5,5,0,0,1-7.07,0h0a5,5,0,0,1,0-7.07l2.12-2.12\" class=\"path\"><\/path><line x1=\"10.17\" y1=\"15.83\" x2=\"15.83\" y2=\"10.17\" class=\"path\"><\/line><\/g><\/svg><\/a><\/div><\/div><\/div><div class=\"post-desc-wrapper bg- has-custom-bg\" style=\"\"><div class=\"post-desc\"><div class=\"post-head\"><div class=\"post-meta clearfix\"><div class=\"author-date\"><span class=\"vcard author post-author\"><span class=\"label\">Published by <\/span><i class=\"icon-user\" aria-label=\"author\"><\/i> <span class=\"fn\"><a href=\"https:\/\/esehospitalguamalmagdalena.gov.co\/web\/author\/danycabarcasgmail-com\/\">danycabarcas@gmail.com<\/a><\/span><\/span> <span class=\"date\"><span class=\"label\">on <\/span><i class=\"icon-clock\"><\/i> <span class=\"post-date updated\">30 de enero de 2025<\/span><\/span><\/div><div class=\"category\"><span class=\"cat-btn\">Categories <i class=\"icon-down-dir\" aria-hidden=\"true\"><\/i><\/span><div class=\"cat-wrapper\">Sin categor\u00eda<\/div><\/div><\/div><\/div><div class=\"post-title\"><h4 class=\"entry-title \" itemprop=\"headline\"><a href=\"https:\/\/esehospitalguamalmagdalena.gov.co\/web\/2025\/01\/30\/868\/\">Planes Institucionales 2025<\/a><\/h4><\/div><div class=\"post-excerpt\">En cumplimiento del Decreto 612 de 2018, ela ESE HOSPITAL NUESTRA SE\u00d1ORA DEL CARMEN del municipio Gualal en el departamento del Magdalena publica hoy sus planes<span class=\"excerpt-hellip\"> [\u2026]<\/span><\/div><div class=\"post-footer\"><div class=\"button-love\"><span class=\"love-text\">Do you like it?<\/span><a href=\"#\" class=\"mfn-love \" data-id=\"868\"><span class=\"icons-wrapper\"><i class=\"icon-heart-empty-fa\"><\/i><i class=\"icon-heart-fa\"><\/i><\/span><span class=\"label\">1<\/span><\/a><\/div><div class=\"post-links\"><i class=\"icon-comment-empty-fa\" aria-label=\"number of comments\"><\/i> <a href=\"https:\/\/esehospitalguamalmagdalena.gov.co\/web\/2025\/01\/30\/868\/#respond\" class=\"post-comments\">0<\/a><i class=\"icon-doc-text\" aria-hidden=\"true\"><\/i> <a href=\"https:\/\/esehospitalguamalmagdalena.gov.co\/web\/2025\/01\/30\/868\/\" class=\"post-more\">Read more<\/a><\/div><\/div><\/div><\/div><\/article><article class=\"post post-item isotope-item clearfix post-749 type-post status-publish format-standard has-post-thumbnail hentry\" style=\"\"><div class=\"date_label\">28 de enero de 2025<\/div><div class=\"image_frame post-photo-wrapper scale-with-grid image\"><div class=\"image_wrapper\"><a href=\"https:\/\/esehospitalguamalmagdalena.gov.co\/web\/2025\/01\/28\/noticia-de-prueba-2\/\"><div class=\"mask\"><\/div><img decoding=\"async\" width=\"960\" height=\"750\" src=\"https:\/\/esehospitalguamalmagdalena.gov.co\/web\/wp-content\/uploads\/2025\/01\/474947735_1353070172614247_2968515058439125803_n-1-960x750.jpg\" class=\"scale-with-grid wp-post-image\" alt=\"\" srcset=\"https:\/\/esehospitalguamalmagdalena.gov.co\/web\/wp-content\/uploads\/2025\/01\/474947735_1353070172614247_2968515058439125803_n-1-960x750.jpg 960w, https:\/\/esehospitalguamalmagdalena.gov.co\/web\/wp-content\/uploads\/2025\/01\/474947735_1353070172614247_2968515058439125803_n-1-1280x1000.jpg 1280w\" sizes=\"(max-width:767px) 480px, (max-width:960px) 100vw, 960px\" \/><\/a><div class=\"image_links double\"><a class=\"zoom \"  rel=\"prettyphoto\" href=\"https:\/\/esehospitalguamalmagdalena.gov.co\/web\/wp-content\/uploads\/2025\/01\/474947735_1353070172614247_2968515058439125803_n-1-1200x901.jpg\"><svg viewBox=\"0 0 26 26\"><defs><style>.path{fill:none;stroke:#333;stroke-miterlimit:10;stroke-width:1.5px;}<\/style><\/defs><circle cx=\"11.35\" cy=\"11.35\" r=\"6\" class=\"path\"><\/circle><line x1=\"15.59\" y1=\"15.59\" x2=\"20.65\" y2=\"20.65\" class=\"path\"><\/line><\/svg><\/a><a class=\"link \"  href=\"https:\/\/esehospitalguamalmagdalena.gov.co\/web\/2025\/01\/28\/noticia-de-prueba-2\/\"><svg viewBox=\"0 0 26 26\"><defs><style>.path{fill:none;stroke:#333;stroke-miterlimit:10;stroke-width:1.5px;}<\/style><\/defs><g><path d=\"M10.17,8.76l2.12-2.12a5,5,0,0,1,7.07,0h0a5,5,0,0,1,0,7.07l-2.12,2.12\" class=\"path\"><\/path><path d=\"M15.83,17.24l-2.12,2.12a5,5,0,0,1-7.07,0h0a5,5,0,0,1,0-7.07l2.12-2.12\" class=\"path\"><\/path><line x1=\"10.17\" y1=\"15.83\" x2=\"15.83\" y2=\"10.17\" class=\"path\"><\/line><\/g><\/svg><\/a><\/div><\/div><\/div><div class=\"post-desc-wrapper bg- has-custom-bg\" style=\"\"><div class=\"post-desc\"><div class=\"post-head\"><div class=\"post-meta clearfix\"><div class=\"author-date\"><span class=\"vcard author post-author\"><span class=\"label\">Published by <\/span><i class=\"icon-user\" aria-label=\"author\"><\/i> <span class=\"fn\"><a href=\"https:\/\/esehospitalguamalmagdalena.gov.co\/web\/author\/danycabarcasgmail-com\/\">danycabarcas@gmail.com<\/a><\/span><\/span> <span class=\"date\"><span class=\"label\">on <\/span><i class=\"icon-clock\"><\/i> <span class=\"post-date updated\">28 de enero de 2025<\/span><\/span><\/div><div class=\"category\"><span class=\"cat-btn\">Categories <i class=\"icon-down-dir\" aria-hidden=\"true\"><\/i><\/span><div class=\"cat-wrapper\">Sin categor\u00eda<\/div><\/div><\/div><\/div><div class=\"post-title\"><h4 class=\"entry-title \" itemprop=\"headline\"><a href=\"https:\/\/esehospitalguamalmagdalena.gov.co\/web\/2025\/01\/28\/noticia-de-prueba-2\/\">Primera Jornada Nacional de Vacunaci\u00f3n 2025<\/a><\/h4><\/div><div class=\"post-excerpt\">Desde la Gobernaci\u00f3n del Magdalena, Secretar\u00eda de Salud Departamental, y Ministerio de Salud, a trav\u00e9s de la E.S.E Hospital Nuestra Se\u00f1ora del Carmen, desarrollamos con \u00e9xitos<span class=\"excerpt-hellip\"> [\u2026]<\/span><\/div><div class=\"post-footer\"><div class=\"button-love\"><span class=\"love-text\">Do you like it?<\/span><a href=\"#\" class=\"mfn-love \" data-id=\"749\"><span class=\"icons-wrapper\"><i class=\"icon-heart-empty-fa\"><\/i><i class=\"icon-heart-fa\"><\/i><\/span><span class=\"label\">1<\/span><\/a><\/div><div class=\"post-links\"><i class=\"icon-comment-empty-fa\" aria-label=\"number of comments\"><\/i> <a href=\"https:\/\/esehospitalguamalmagdalena.gov.co\/web\/2025\/01\/28\/noticia-de-prueba-2\/#respond\" class=\"post-comments\">0<\/a><i class=\"icon-doc-text\" aria-hidden=\"true\"><\/i> <a href=\"https:\/\/esehospitalguamalmagdalena.gov.co\/web\/2025\/01\/28\/noticia-de-prueba-2\/\" class=\"post-more\">Read more<\/a><\/div><\/div><\/div><\/div><\/article><article class=\"post post-item isotope-item clearfix post-334 type-post status-publish format-standard has-post-thumbnail hentry category-portada\" style=\"\"><div class=\"date_label\">22 de enero de 2025<\/div><div class=\"image_frame post-photo-wrapper scale-with-grid image\"><div class=\"image_wrapper\"><a href=\"https:\/\/esehospitalguamalmagdalena.gov.co\/web\/2025\/01\/22\/acompanando-al-gobierno-del-cambio\/\"><div class=\"mask\"><\/div><img decoding=\"async\" width=\"591\" height=\"395\" src=\"https:\/\/esehospitalguamalmagdalena.gov.co\/web\/wp-content\/uploads\/2025\/01\/470039260_1320063929248205_7361104972133173082_n.jpg\" class=\"scale-with-grid wp-post-image\" alt=\"\" srcset=\"https:\/\/esehospitalguamalmagdalena.gov.co\/web\/wp-content\/uploads\/2025\/01\/470039260_1320063929248205_7361104972133173082_n.jpg 591w, https:\/\/esehospitalguamalmagdalena.gov.co\/web\/wp-content\/uploads\/2025\/01\/470039260_1320063929248205_7361104972133173082_n-500x334.jpg 500w, https:\/\/esehospitalguamalmagdalena.gov.co\/web\/wp-content\/uploads\/2025\/01\/470039260_1320063929248205_7361104972133173082_n-300x201.jpg 300w, https:\/\/esehospitalguamalmagdalena.gov.co\/web\/wp-content\/uploads\/2025\/01\/470039260_1320063929248205_7361104972133173082_n-112x75.jpg 112w, https:\/\/esehospitalguamalmagdalena.gov.co\/web\/wp-content\/uploads\/2025\/01\/470039260_1320063929248205_7361104972133173082_n-480x321.jpg 480w\" sizes=\"(max-width:767px) 480px, 591px\" \/><\/a><div class=\"image_links double\"><a class=\"zoom \"  rel=\"prettyphoto\" href=\"https:\/\/esehospitalguamalmagdalena.gov.co\/web\/wp-content\/uploads\/2025\/01\/470039260_1320063929248205_7361104972133173082_n.jpg\"><svg viewBox=\"0 0 26 26\"><defs><style>.path{fill:none;stroke:#333;stroke-miterlimit:10;stroke-width:1.5px;}<\/style><\/defs><circle cx=\"11.35\" cy=\"11.35\" r=\"6\" class=\"path\"><\/circle><line x1=\"15.59\" y1=\"15.59\" x2=\"20.65\" y2=\"20.65\" class=\"path\"><\/line><\/svg><\/a><a class=\"link \"  href=\"https:\/\/esehospitalguamalmagdalena.gov.co\/web\/2025\/01\/22\/acompanando-al-gobierno-del-cambio\/\"><svg viewBox=\"0 0 26 26\"><defs><style>.path{fill:none;stroke:#333;stroke-miterlimit:10;stroke-width:1.5px;}<\/style><\/defs><g><path d=\"M10.17,8.76l2.12-2.12a5,5,0,0,1,7.07,0h0a5,5,0,0,1,0,7.07l-2.12,2.12\" class=\"path\"><\/path><path d=\"M15.83,17.24l-2.12,2.12a5,5,0,0,1-7.07,0h0a5,5,0,0,1,0-7.07l2.12-2.12\" class=\"path\"><\/path><line x1=\"10.17\" y1=\"15.83\" x2=\"15.83\" y2=\"10.17\" class=\"path\"><\/line><\/g><\/svg><\/a><\/div><\/div><\/div><div class=\"post-desc-wrapper bg- has-custom-bg\" style=\"\"><div class=\"post-desc\"><div class=\"post-head\"><div class=\"post-meta clearfix\"><div class=\"author-date\"><span class=\"vcard author post-author\"><span class=\"label\">Published by <\/span><i class=\"icon-user\" aria-label=\"author\"><\/i> <span class=\"fn\"><a href=\"https:\/\/esehospitalguamalmagdalena.gov.co\/web\/author\/danycabarcasgmail-com\/\">danycabarcas@gmail.com<\/a><\/span><\/span> <span class=\"date\"><span class=\"label\">on <\/span><i class=\"icon-clock\"><\/i> <span class=\"post-date updated\">22 de enero de 2025<\/span><\/span><\/div><div class=\"category\"><span class=\"cat-btn\">Categories <i class=\"icon-down-dir\" aria-hidden=\"true\"><\/i><\/span><div class=\"cat-wrapper\"><ul class=\"post-categories\">\n\t<li><a href=\"https:\/\/esehospitalguamalmagdalena.gov.co\/web\/category\/portada\/\" rel=\"category tag\">PORTADA<\/a><\/li><\/ul><\/div><\/div><\/div><\/div><div class=\"post-title\"><h4 class=\"entry-title \" itemprop=\"headline\"><a href=\"https:\/\/esehospitalguamalmagdalena.gov.co\/web\/2025\/01\/22\/acompanando-al-gobierno-del-cambio\/\">Acompa\u00f1ando al Gobierno del Cambio<\/a><\/h4><\/div><div class=\"post-excerpt\">Desde La E.S.E Hospital Nuestra Se\u00f1ora del Carmen, acompa\u00f1amos a los Gobiernos del Cambio en la entrega del Centro de Vida para el Adulto Mayor en<span class=\"excerpt-hellip\"> [\u2026]<\/span><\/div><div class=\"post-footer\"><div class=\"button-love\"><span class=\"love-text\">Do you like it?<\/span><a href=\"#\" class=\"mfn-love \" data-id=\"334\"><span class=\"icons-wrapper\"><i class=\"icon-heart-empty-fa\"><\/i><i class=\"icon-heart-fa\"><\/i><\/span><span class=\"label\">0<\/span><\/a><\/div><div class=\"post-links\"><i class=\"icon-comment-empty-fa\" aria-label=\"number of comments\"><\/i> <a href=\"https:\/\/esehospitalguamalmagdalena.gov.co\/web\/2025\/01\/22\/acompanando-al-gobierno-del-cambio\/#respond\" class=\"post-comments\">0<\/a><i class=\"icon-doc-text\" aria-hidden=\"true\"><\/i> <a href=\"https:\/\/esehospitalguamalmagdalena.gov.co\/web\/2025\/01\/22\/acompanando-al-gobierno-del-cambio\/\" class=\"post-more\">Read more<\/a><\/div><\/div><\/div><\/div><\/article><\/div><\/div>\n<\/div>\n\t\t<\/div>\n\t\t\t\t<\/div>\n\t\t\t\t\t<\/div>\n\t\t<\/div>\n\t\t\t\t\t<\/div>\n\t\t<\/section>\n\t\t\t\t<\/div>\n\t\t","protected":false},"excerpt":{"rendered":"<p>Noticias 28 de enero de 2025 Published by danycabarcas@gmail.com on 28 de enero de 2025Categories Sin categor\u00eda Primera Jornada Nacional de Vacunaci\u00f3n 2025 Desde la Gobernaci\u00f3n<span class=\"excerpt-hellip\"> [\u2026]<\/span><\/p>\n","protected":false},"author":1,"featured_media":0,"parent":0,"menu_order":0,"comment_status":"closed","ping_status":"closed","template":"","meta":{"footnotes":""},"class_list":["post-730","page","type-page","status-publish","hentry"],"_links":{"self":[{"href":"https:\/\/esehospitalguamalmagdalena.gov.co\/web\/wp-json\/wp\/v2\/pages\/730"}],"collection":[{"href":"https:\/\/esehospitalguamalmagdalena.gov.co\/web\/wp-json\/wp\/v2\/pages"}],"about":[{"href":"https:\/\/esehospitalguamalmagdalena.gov.co\/web\/wp-json\/wp\/v2\/types\/page"}],"author":[{"embeddable":true,"href":"https:\/\/esehospitalguamalmagdalena.gov.co\/web\/wp-json\/wp\/v2\/users\/1"}],"replies":[{"embeddable":true,"href":"https:\/\/esehospitalguamalmagdalena.gov.co\/web\/wp-json\/wp\/v2\/comments?post=730"}],"version-history":[{"count":40,"href":"https:\/\/esehospitalguamalmagdalena.gov.co\/web\/wp-json\/wp\/v2\/pages\/730\/revisions"}],"predecessor-version":[{"id":829,"href":"https:\/\/esehospitalguamalmagdalena.gov.co\/web\/wp-json\/wp\/v2\/pages\/730\/revisions\/829"}],"wp:attachment":[{"href":"https:\/\/esehospitalguamalmagdalena.gov.co\/web\/wp-json\/wp\/v2\/media?parent=730"}],"curies":[{"name":"wp","href":"https:\/\/api.w.org\/{rel}","templated":true}]}}