{"id":19,"date":"2025-01-15T10:56:40","date_gmt":"2025-01-15T09:56:40","guid":{"rendered":"https:\/\/esehospitalguamalmagdalena.gov.co\/web\/?page_id=19"},"modified":"2025-01-28T21:52:19","modified_gmt":"2025-01-28T20:52:19","slug":"contacto","status":"publish","type":"page","link":"https:\/\/esehospitalguamalmagdalena.gov.co\/web\/contacto\/","title":{"rendered":"Atenci\u00f3n al Ciudadano"},"content":{"rendered":"\t\t<div data-elementor-type=\"wp-page\" data-elementor-id=\"19\" class=\"elementor elementor-19\">\n\t\t\t\t\t\t<section class=\"elementor-section elementor-top-section elementor-element elementor-element-613acb7 elementor-section-full_width elementor-section-stretched elementor-section-height-default elementor-section-height-default\" data-id=\"613acb7\" data-element_type=\"section\" data-settings=\"{&quot;stretch_section&quot;:&quot;section-stretched&quot;}\">\n\t\t\t\t\t\t<div class=\"elementor-container elementor-column-gap-wider\">\n\t\t\t\t\t<div class=\"elementor-column elementor-col-100 elementor-top-column elementor-element elementor-element-da3d0bb\" data-id=\"da3d0bb\" data-element_type=\"column\" data-settings=\"{&quot;background_background&quot;:&quot;classic&quot;}\">\n\t\t\t<div class=\"elementor-widget-wrap elementor-element-populated\">\n\t\t\t\t\t\t<section class=\"elementor-section elementor-inner-section elementor-element elementor-element-313c9c4 elementor-section-boxed elementor-section-height-default elementor-section-height-default\" data-id=\"313c9c4\" data-element_type=\"section\">\n\t\t\t\t\t\t<div class=\"elementor-container elementor-column-gap-default\">\n\t\t\t\t\t<div class=\"elementor-column elementor-col-100 elementor-inner-column elementor-element elementor-element-3baee6d\" data-id=\"3baee6d\" data-element_type=\"column\">\n\t\t\t<div class=\"elementor-widget-wrap elementor-element-populated\">\n\t\t\t\t\t\t<div class=\"elementor-element elementor-element-d0d76c7 elementor-widget elementor-widget-heading\" data-id=\"d0d76c7\" data-element_type=\"widget\" data-widget_type=\"heading.default\">\n\t\t\t\t<div class=\"elementor-widget-container\">\n\t\t\t<h2 class=\"elementor-heading-title elementor-size-default\">Atenci\u00f3n al Ciudadano<\/h2>\t\t<\/div>\n\t\t\t\t<\/div>\n\t\t\t\t\t<\/div>\n\t\t<\/div>\n\t\t\t\t\t<\/div>\n\t\t<\/section>\n\t\t\t\t<section class=\"elementor-section elementor-inner-section elementor-element elementor-element-7e7d0a6 elementor-section-boxed elementor-section-height-default elementor-section-height-default\" data-id=\"7e7d0a6\" data-element_type=\"section\">\n\t\t\t\t\t\t<div class=\"elementor-container elementor-column-gap-default\">\n\t\t\t\t\t<div class=\"elementor-column elementor-col-50 elementor-inner-column elementor-element elementor-element-daf67af\" data-id=\"daf67af\" data-element_type=\"column\" data-settings=\"{&quot;background_background&quot;:&quot;classic&quot;}\">\n\t\t\t<div class=\"elementor-widget-wrap elementor-element-populated\">\n\t\t\t\t\t\t<div class=\"elementor-element elementor-element-f3a7e43 elementor-widget elementor-widget-heading\" data-id=\"f3a7e43\" data-element_type=\"widget\" data-widget_type=\"heading.default\">\n\t\t\t\t<div class=\"elementor-widget-container\">\n\t\t\t<h6 class=\"elementor-heading-title elementor-size-default\">Recepci\u00f3n para la radicaci\u00f3n de peticiones quejas, reclamos, sugerencias, denuncias y felicitaciones<\/h6>\t\t<\/div>\n\t\t\t\t<\/div>\n\t\t\t\t<div class=\"elementor-element elementor-element-88206fe elementor-widget elementor-widget-text-editor\" data-id=\"88206fe\" data-element_type=\"widget\" data-widget_type=\"text-editor.default\">\n\t\t\t\t<div class=\"elementor-widget-container\">\n\t\t\t\t\t\t\t<p>El Sistema de peticiones, quejas, reclamos y sugerencias, es una herramienta que permite obtener informaci\u00f3n sobre las inquietudes, manifestaciones y percepci\u00f3n que tienen los usuarios frente a los servicios de la instituci\u00f3n, con el fin de dar respuesta oportuna y establecer acciones que permitan fortalecer nuestros servicios y buscar oportunidades de mejora frente a las debilidades o amenazas para la instituci\u00f3n.<\/p>\t\t\t\t\t\t<\/div>\n\t\t\t\t<\/div>\n\t\t\t\t<div class=\"elementor-element elementor-element-9731098 elementor-widget elementor-widget-shortcode\" data-id=\"9731098\" data-element_type=\"widget\" data-widget_type=\"shortcode.default\">\n\t\t\t\t<div class=\"elementor-widget-container\">\n\t\t\t\t\t<div class=\"elementor-shortcode\"><div class=\"forminator-ui forminator-custom-form forminator-custom-form-780 forminator-design--default  forminator_ajax\" data-forminator-render=\"0\" data-form=\"forminator-module-780\" data-uid=\"69d15b3017f97\"><br\/><\/div><form\n\t\t\t\tid=\"forminator-module-780\"\n\t\t\t\tclass=\"forminator-ui forminator-custom-form forminator-custom-form-780 forminator-design--default  forminator_ajax\"\n\t\t\t\tmethod=\"post\"\n\t\t\t\tdata-forminator-render=\"0\"\n\t\t\t\tdata-form-id=\"780\"\n\t\t\t\t\n\t\t\t\tdata-design=\"default\"\n\t\t\t\t\n\t\t\t\t\n\t\t\t\t\n\t\t\t\tdata-grid=\"open\"\n\t\t\t\tenctype=\"multipart\/form-data\"\n\t\t\t\t\n\t\t\t\tstyle=\"display: none;\"\n\t\t\t\t\n\t\t\t\tdata-uid=\"69d15b3017f97\"\n\t\t\t><div role=\"alert\" aria-live=\"polite\" class=\"forminator-response-message forminator-error\" aria-hidden=\"true\"><\/div><div class=\"forminator-row\"><div id=\"select-1\" class=\"forminator-field-select forminator-col forminator-col-6 \"><div class=\"forminator-field\"><label for=\"forminator-form-780__field--select-1_69d15b3017f97\" id=\"forminator-form-780__field--select-1_69d15b3017f97-label\" class=\"forminator-label\">Tipo de Solicitud <span class=\"forminator-required\">*<\/span><\/label><select  id=\"forminator-form-780__field--select-1_69d15b3017f97\" class=\"forminator-select--field forminator-select2 forminator-select2-multiple\" data-required=\"1\" name=\"select-1\" data-default-value=\"\" data-hidden-behavior=\"zero\" data-placeholder=\"Seleccione\" data-search=\"false\" data-search-placeholder=\"Seleccione\" data-checkbox=\"false\" data-allow-clear=\"false\" aria-labelledby=\"forminator-form-780__field--select-1_69d15b3017f97-label\"><option value=\"\"  >Seleccione<\/option><option value=\"one\"  data-calculation=\"0\">Petici\u00f3n<\/option><option value=\"two\"  data-calculation=\"0\">Queja<\/option><option value=\"Reclamo\"  data-calculation=\"0\">Reclamo<\/option><option value=\"Sugerencia\"  data-calculation=\"0\">Sugerencia<\/option><option value=\"Denuncia\"  data-calculation=\"0\">Denuncia<\/option><option value=\"Felicitaci\u00f3n\"  data-calculation=\"0\">Felicitaci\u00f3n<\/option><\/select><\/div><\/div><div id=\"select-2\" class=\"forminator-field-select forminator-col forminator-col-6 \"><div class=\"forminator-field\"><label for=\"forminator-form-780__field--select-2_69d15b3017f97\" id=\"forminator-form-780__field--select-2_69d15b3017f97-label\" class=\"forminator-label\">Tipo Solicitante <span class=\"forminator-required\">*<\/span><\/label><select  id=\"forminator-form-780__field--select-2_69d15b3017f97\" class=\"forminator-select--field forminator-select2 forminator-select2-multiple\" data-required=\"1\" name=\"select-2\" data-default-value=\"\" data-hidden-behavior=\"zero\" data-placeholder=\"Seleccione\" data-search=\"false\" data-search-placeholder=\"Seleccione\" data-checkbox=\"false\" data-allow-clear=\"false\" aria-labelledby=\"forminator-form-780__field--select-2_69d15b3017f97-label\"><option value=\"\"  >Seleccione<\/option><option value=\"one\"  data-calculation=\"0\">Persona natural<\/option><option value=\"two\"  data-calculation=\"0\">Persona jur\u00eddica<\/option><option value=\"Ni\u00f1as,-ni\u00f1os-y-adolescentes\"  data-calculation=\"0\">Ni\u00f1as, ni\u00f1os y adolescentes<\/option><option value=\"Apoderado\"  data-calculation=\"0\">Apoderado<\/option><\/select><\/div><\/div><\/div><div class=\"forminator-row\"><div id=\"text-1\" class=\"forminator-field-text forminator-col forminator-col-6 \"><div class=\"forminator-field\"><label for=\"forminator-field-text-1_69d15b3017f97\" id=\"forminator-field-text-1_69d15b3017f97-label\" class=\"forminator-label\">Nombre (s) del solicitante o raz\u00f3n social <span class=\"forminator-required\">*<\/span><\/label><input type=\"text\" name=\"text-1\" value=\"\" placeholder=\"\" id=\"forminator-field-text-1_69d15b3017f97\" class=\"forminator-input forminator-name--field\" data-required=\"1\" \/><\/div><\/div><div id=\"text-2\" class=\"forminator-field-text forminator-col forminator-col-6 \"><div class=\"forminator-field\"><label for=\"forminator-field-text-2_69d15b3017f97\" id=\"forminator-field-text-2_69d15b3017f97-label\" class=\"forminator-label\">Apellido (s) del solicitante o tipo de empresa <span class=\"forminator-required\">*<\/span><\/label><input type=\"text\" name=\"text-2\" value=\"\" placeholder=\"\" id=\"forminator-field-text-2_69d15b3017f97\" class=\"forminator-input forminator-name--field\" data-required=\"1\" \/><\/div><\/div><\/div><div class=\"forminator-row\"><div id=\"select-3\" class=\"forminator-field-select forminator-col forminator-col-6 \"><div class=\"forminator-field\"><label for=\"forminator-form-780__field--select-3_69d15b3017f97\" id=\"forminator-form-780__field--select-3_69d15b3017f97-label\" class=\"forminator-label\">Tipo de identificaci\u00f3n <span class=\"forminator-required\">*<\/span><\/label><select  id=\"forminator-form-780__field--select-3_69d15b3017f97\" class=\"forminator-select--field forminator-select2 forminator-select2-multiple\" data-required=\"1\" name=\"select-3\" data-default-value=\"\" data-hidden-behavior=\"zero\" data-placeholder=\"Seleccione\" data-search=\"false\" data-search-placeholder=\"Seleccione\" data-checkbox=\"false\" data-allow-clear=\"false\" aria-labelledby=\"forminator-form-780__field--select-3_69d15b3017f97-label\"><option value=\"\"  >Seleccione<\/option><option value=\"one\"  data-calculation=\"0\">Cedula de Ciudadania<\/option><option value=\"two\"  data-calculation=\"0\">Cedula de Extranjeria<\/option><option value=\"Tarjeta-de-Identidad\"  data-calculation=\"0\">Tarjeta de Identidad<\/option><option value=\"Registro-Civil\"  data-calculation=\"0\">Registro Civil<\/option><option value=\"PEP\"  data-calculation=\"0\">PEP<\/option><option value=\"Pasaporte\"  data-calculation=\"0\">Pasaporte<\/option><option value=\"Documento-Extranjero\"  data-calculation=\"0\">Documento Extranjero<\/option><\/select><\/div><\/div><div id=\"number-1\" class=\"forminator-field-number forminator-col forminator-col-6 \"><div class=\"forminator-field\"><label for=\"forminator-field-number-1_69d15b3017f97\" id=\"forminator-field-number-1_69d15b3017f97-label\" class=\"forminator-label\">N\u00famero de Identificaci\u00f3n <span class=\"forminator-required\">*<\/span><\/label><input name=\"number-1\" value=\"\" placeholder=\"\" id=\"forminator-field-number-1_69d15b3017f97\" class=\"forminator-input forminator-number--field\" inputmode=\"decimal\" data-required=\"1\" data-decimals=\"0\" aria-required=\"true\" data-inputmask=\"&#039;groupSeparator&#039;: &#039;&#039;, &#039;radixPoint&#039;: &#039;&#039;, &#039;digits&#039;: &#039;0&#039;\" data-hidden-behavior=\"zero\" type=\"number\" step=\"any\" min=\"1\" max=\"150\" \/><\/div><\/div><\/div><div class=\"forminator-row\"><div id=\"email-1\" class=\"forminator-field-email forminator-col forminator-col-6 \"><div class=\"forminator-field\"><label for=\"forminator-field-email-1_69d15b3017f97\" id=\"forminator-field-email-1_69d15b3017f97-label\" class=\"forminator-label\">Correo electr\u00f3nico <span class=\"forminator-required\">*<\/span><\/label><input type=\"email\" name=\"email-1\" value=\"\" placeholder=\"\" id=\"forminator-field-email-1_69d15b3017f97\" class=\"forminator-input forminator-email--field\" data-required=\"1\" aria-required=\"true\" \/><\/div><\/div><div id=\"phone-1\" class=\"forminator-field-phone forminator-col forminator-col-6 \"><div class=\"forminator-field\"><label for=\"forminator-field-phone-1_69d15b3017f97\" id=\"forminator-field-phone-1_69d15b3017f97-label\" class=\"forminator-label\">N\u00famero Telef\u00f3nico <span class=\"forminator-required\">*<\/span><\/label><input type=\"text\" name=\"phone-1\" value=\"\" placeholder=\"\" id=\"forminator-field-phone-1_69d15b3017f97\" class=\"forminator-input forminator-field--phone\" data-required=\"1\" aria-required=\"true\" autocomplete=\"off\" \/><\/div><\/div><\/div><div class=\"forminator-row\"><div id=\"text-3\" class=\"forminator-field-text forminator-col forminator-col-6 \"><div class=\"forminator-field\"><label for=\"forminator-field-text-3_69d15b3017f97\" id=\"forminator-field-text-3_69d15b3017f97-label\" class=\"forminator-label\">Ciudad <span class=\"forminator-required\">*<\/span><\/label><input type=\"text\" name=\"text-3\" value=\"\" placeholder=\"\" id=\"forminator-field-text-3_69d15b3017f97\" class=\"forminator-input forminator-name--field\" data-required=\"1\" \/><\/div><\/div><div id=\"text-4\" class=\"forminator-field-text forminator-col forminator-col-6 \"><div class=\"forminator-field\"><label for=\"forminator-field-text-4_69d15b3017f97\" id=\"forminator-field-text-4_69d15b3017f97-label\" class=\"forminator-label\">Direcci\u00f3n <span class=\"forminator-required\">*<\/span><\/label><input type=\"text\" name=\"text-4\" value=\"\" placeholder=\"\" id=\"forminator-field-text-4_69d15b3017f97\" class=\"forminator-input forminator-name--field\" data-required=\"1\" \/><\/div><\/div><\/div><div class=\"forminator-row\"><div id=\"textarea-1\" class=\"forminator-field-textarea forminator-col forminator-col-12 \"><div class=\"forminator-field\"><label for=\"forminator-field-textarea-1_69d15b3017f97\" id=\"forminator-field-textarea-1_69d15b3017f97-label\" class=\"forminator-label\">Redacte aqu\u00ed su manifestaci\u00f3n de forma clara y precisa. <span class=\"forminator-required\">*<\/span><\/label><textarea name=\"textarea-1\" placeholder=\"\" id=\"forminator-field-textarea-1_69d15b3017f97\" class=\"forminator-textarea\" rows=\"6\" style=\"min-height:140px;\" ><\/textarea><\/div><\/div><\/div><div class=\"forminator-row\"><div id=\"upload-1\" class=\"forminator-field-upload forminator-col forminator-col-12 \"><div class=\"forminator-field\"><label for=\"forminator-field-upload-1_69d15b3017f97\" id=\"forminator-field-upload-1_69d15b3017f97-label\" class=\"forminator-label\">Documento adicional<\/label><div class=\"forminator-file-upload \" data-element=\"upload-1_69d15b3017f97\" aria-describedby=\"forminator-field-upload-1_69d15b3017f97-description\"><input type=\"file\" name=\"upload-1\" id=\"forminator-field-upload-1_69d15b3017f97\" class=\"forminator-input-file\" accept=\".avif,.woff,.ttf,.svgz,.json,.pdf\"><button id=\"forminator-field-upload-1_69d15b3017f97_button\" class=\"forminator-button forminator-button-upload\" data-id=\"forminator-field-upload-1_69d15b3017f97\">Elegir archivo<\/button><span data-empty-text=\"Ning\u00fan archivo seleccionado\">Ning\u00fan archivo seleccionado<\/span><button class=\"forminator-button-delete\" style=\"display: none;\"><i class=\"forminator-icon-close\" aria-hidden=\"true\"><\/i><span class=\"forminator-screen-reader-only\">Eliminar el archivo subido<\/span><\/button><\/div><span id=\"forminator-field-upload-1_69d15b3017f97-description\" class=\"forminator-description\">Adjunte un documento que considere necesario para realizar su Petici\u00f3n.<\/span><\/div><\/div><\/div><div class=\"forminator-row\"><div id=\"consent-1\" class=\"forminator-field-consent forminator-col forminator-col-12 \"><div class=\"forminator-field\"><label for=\"forminator-field-consent-1_69d15b3017f97\" id=\"forminator-field-consent-1_69d15b3017f97-label\" class=\"forminator-label\">T\u00e9rminos y condiciones <span class=\"forminator-required\">*<\/span><\/label><div class=\"forminator-checkbox__wrapper\"><label for=\"forminator-field-consent-1_69d15b3017f97\" id=\"forminator-field-consent-1_69d15b3017f97__label\" class=\"forminator-checkbox forminator-consent\"><input type=\"checkbox\" name=\"consent-1\" id=\"forminator-field-consent-1_69d15b3017f97\" value=\"checked\" aria-labelledby=\"forminator-field-consent-1_69d15b3017f97-label\" aria-describedby=\"forminator-field-consent-1_69d15b3017f97__description\" data-required=\"true\" aria-required=\"true\" \/><span class=\"forminator-checkbox-box\" aria-hidden=\"true\"><\/span><\/label><div id=\"forminator-field-consent-1_69d15b3017f97__description\" class=\"forminator-checkbox__label forminator-consent__label\"><p>Acepto las condiciones establecidas en la pol\u00edtica de tratamiento de informaci\u00f3n : <a rel=\"noopener\" target=\"_blank\" href=\"#\">pol\u00edtica de privacidad<\/a> y <a rel=\"noopener\" target=\"_blank\" href=\"#\">condiciones generales<\/a>.<\/p><\/div><\/div><\/div><\/div><\/div><input type=\"hidden\" name=\"referer_url\" value=\"\" \/><div class=\"forminator-row forminator-row-last\"><div class=\"forminator-col\"><div class=\"forminator-field\"><button class=\"forminator-button forminator-button-submit\">Enviar mensaje<\/button><\/div><\/div><\/div><input type=\"hidden\" id=\"forminator_nonce\" name=\"forminator_nonce\" value=\"d9288148a3\" \/><input type=\"hidden\" name=\"_wp_http_referer\" value=\"\/web\/wp-json\/wp\/v2\/pages\/19\" \/><input type=\"hidden\" name=\"form_id\" value=\"780\"><input type=\"hidden\" name=\"page_id\" value=\"19\"><input type=\"hidden\" name=\"form_type\" value=\"default\"><input type=\"hidden\" name=\"current_url\" value=\"https:\/\/esehospitalguamalmagdalena.gov.co\/web\/contacto\/\"><input type=\"hidden\" name=\"render_id\" value=\"0\"><input type=\"hidden\" name=\"action\" value=\"forminator_submit_form_custom-forms\"><\/form><\/div>\n\t\t\t\t<\/div>\n\t\t\t\t<\/div>\n\t\t\t\t\t<\/div>\n\t\t<\/div>\n\t\t\t\t<div class=\"elementor-column elementor-col-50 elementor-inner-column elementor-element elementor-element-02c0e5d\" data-id=\"02c0e5d\" data-element_type=\"column\">\n\t\t\t<div class=\"elementor-widget-wrap elementor-element-populated\">\n\t\t\t\t\t\t<div class=\"elementor-element elementor-element-d136388 elementor-widget__width-initial elementor-widget elementor-widget-mfn_accordion\" data-id=\"d136388\" data-element_type=\"widget\" data-widget_type=\"mfn_accordion.default\">\n\t\t\t\t<div class=\"elementor-widget-container\">\n\t\t\t<div class=\"accordion\"><div class=\"mfn-acc accordion_wrapper \"><div class=\"question\" tabindex=\"0\" role=\"link\"><div class=\"title\"><i class=\"icon-plus acc-icon-plus\" aria-hidden=\"true\"><\/i><i class=\"icon-minus acc-icon-minus\" aria-hidden=\"true\"><\/i>PETICI\u00d3N<\/div><div class=\"answer\"><p>Es el derecho fundamental que tiene toda persona a presentar solicitudes respetuosas de forma verbal, escrita o en medio electr\u00f3nico a las autoridades por motivos de inter\u00e9s general o particular y obtener su pronta resoluci\u00f3n.<\/p><\/div><\/div>\n<div class=\"question\" tabindex=\"0\" role=\"link\"><div class=\"title\"><i class=\"icon-plus acc-icon-plus\" aria-hidden=\"true\"><\/i><i class=\"icon-minus acc-icon-minus\" aria-hidden=\"true\"><\/i>QUEJA<\/div><div class=\"answer\"><p>Es la manifestaci\u00f3n de protesta, censura, descontento o inconformidad que presenta una persona en relaci\u00f3n con una conducta que considera irregular de un empleado en frente al desempe\u00f1o de sus funciones.<\/p><\/div><\/div>\n<div class=\"question\" tabindex=\"0\" role=\"link\"><div class=\"title\"><i class=\"icon-plus acc-icon-plus\" aria-hidden=\"true\"><\/i><i class=\"icon-minus acc-icon-minus\" aria-hidden=\"true\"><\/i>RECLAMO<\/div><div class=\"answer\"><p>Es el derecho que tiene toda persona de exigir, reivindicar o demandar una soluci\u00f3n, ya sea por motivo general o particular, referente a la prestaci\u00f3n indebida de un servicio o a la falta de atenci\u00f3n de una solicitud.<\/p><\/div><\/div>\n<div class=\"question\" tabindex=\"0\" role=\"link\"><div class=\"title\"><i class=\"icon-plus acc-icon-plus\" aria-hidden=\"true\"><\/i><i class=\"icon-minus acc-icon-minus\" aria-hidden=\"true\"><\/i>SUGERENCIA<\/div><div class=\"answer\"><p>Es un consejo o propuesta que formula un usuario a la entidad para mejorar la gesti\u00f3n de los servicios de la entidad.<\/p><\/div><\/div>\n<\/div><\/div>\n\t\t<\/div>\n\t\t\t\t<\/div>\n\t\t\t\t<div class=\"elementor-element elementor-element-25db462 elementor-position-left elementor-vertical-align-middle elementor-widget elementor-widget-image-box\" data-id=\"25db462\" data-element_type=\"widget\" data-widget_type=\"image-box.default\">\n\t\t\t\t<div class=\"elementor-widget-container\">\n\t\t\t<div class=\"elementor-image-box-wrapper\"><figure class=\"elementor-image-box-img\"><a href=\"tel:+610383766284\" tabindex=\"-1\"><img decoding=\"async\" src=\"https:\/\/esehospitalguamalmagdalena.gov.co\/web\/wp-content\/uploads\/2022\/10\/bedoctor-header-icon1.svg\" title=\"\" alt=\"\" loading=\"lazy\" \/><\/a><\/figure><div class=\"elementor-image-box-content\"><h4 class=\"elementor-image-box-title\"><a href=\"tel:+610383766284\">+57(xx) xxx xx xx<\/a><\/h4><\/div><\/div>\t\t<\/div>\n\t\t\t\t<\/div>\n\t\t\t\t<div class=\"elementor-element elementor-element-254daa0 elementor-widget elementor-widget-text-editor\" data-id=\"254daa0\" data-element_type=\"widget\" data-widget_type=\"text-editor.default\">\n\t\t\t\t<div class=\"elementor-widget-container\">\n\t\t\t\t\t\t\t<p>Horario de trabajo: Lunea\u00a0 &#8211; Viernes : 7 AM &#8211; 6 PM<\/p>\t\t\t\t\t\t<\/div>\n\t\t\t\t<\/div>\n\t\t\t\t<div class=\"elementor-element elementor-element-4d4d840 elementor-mobile-align-left elementor-widget-tablet__width-inherit elementor-align-left elementor-widget elementor-widget-button\" data-id=\"4d4d840\" data-element_type=\"widget\" data-widget_type=\"button.default\">\n\t\t\t\t<div class=\"elementor-widget-container\">\n\t\t\t\t\t<div class=\"elementor-button-wrapper\">\n\t\t\t<a class=\"elementor-button elementor-button-link elementor-size-sm\" href=\"#map\">\n\t\t\t\t\t\t<span class=\"elementor-button-content-wrapper\">\n\t\t\t\t\t\t\t\t\t<span class=\"elementor-button-text\">Ir al Mapa<\/span>\n\t\t\t\t\t<\/span>\n\t\t\t\t\t<\/a>\n\t\t<\/div>\n\t\t\t\t<\/div>\n\t\t\t\t<\/div>\n\t\t\t\t\t<\/div>\n\t\t<\/div>\n\t\t\t\t\t<\/div>\n\t\t<\/section>\n\t\t\t\t\t<\/div>\n\t\t<\/div>\n\t\t\t\t\t<\/div>\n\t\t<\/section>\n\t\t\t\t<section class=\"elementor-section elementor-top-section elementor-element elementor-element-e6ccdad elementor-section-full_width elementor-section-stretched elementor-section-height-default elementor-section-height-default\" data-id=\"e6ccdad\" data-element_type=\"section\" id=\"map\" data-settings=\"{&quot;stretch_section&quot;:&quot;section-stretched&quot;}\">\n\t\t\t\t\t\t<div class=\"elementor-container elementor-column-gap-wider\">\n\t\t\t\t\t<div class=\"elementor-column elementor-col-100 elementor-top-column elementor-element elementor-element-c36ec06\" data-id=\"c36ec06\" data-element_type=\"column\">\n\t\t\t<div class=\"elementor-widget-wrap elementor-element-populated\">\n\t\t\t\t\t\t<div class=\"elementor-element elementor-element-407905c elementor-widget elementor-widget-google_maps\" data-id=\"407905c\" data-element_type=\"widget\" data-widget_type=\"google_maps.default\">\n\t\t\t\t<div class=\"elementor-widget-container\">\n\t\t\t\t\t<div class=\"elementor-custom-embed\">\n\t\t\t<iframe loading=\"lazy\"\n\t\t\t\t\tsrc=\"https:\/\/maps.google.com\/maps?q=Esquina%2C%20Calle%2010%20Carrera%205%2C%20Guamal%2C%20Magdalena%2C%20colombia&#038;t=m&#038;z=16&#038;output=embed&#038;iwloc=near\"\n\t\t\t\t\ttitle=\"Esquina, Calle 10 Carrera 5, Guamal, Magdalena, colombia\"\n\t\t\t\t\taria-label=\"Esquina, Calle 10 Carrera 5, Guamal, Magdalena, colombia\"\n\t\t\t><\/iframe>\n\t\t<\/div>\n\t\t\t\t<\/div>\n\t\t\t\t<\/div>\n\t\t\t\t\t<\/div>\n\t\t<\/div>\n\t\t\t\t\t<\/div>\n\t\t<\/section>\n\t\t\t\t<\/div>\n\t\t","protected":false},"excerpt":{"rendered":"<p>Atenci\u00f3n al Ciudadano Recepci\u00f3n para la radicaci\u00f3n de peticiones quejas, reclamos, sugerencias, denuncias y felicitaciones El Sistema de peticiones, quejas, reclamos y sugerencias, es una herramienta<span class=\"excerpt-hellip\"> [\u2026]<\/span><\/p>\n","protected":false},"author":1,"featured_media":0,"parent":0,"menu_order":0,"comment_status":"open","ping_status":"closed","template":"","meta":{"footnotes":""},"class_list":["post-19","page","type-page","status-publish","hentry"],"_links":{"self":[{"href":"https:\/\/esehospitalguamalmagdalena.gov.co\/web\/wp-json\/wp\/v2\/pages\/19"}],"collection":[{"href":"https:\/\/esehospitalguamalmagdalena.gov.co\/web\/wp-json\/wp\/v2\/pages"}],"about":[{"href":"https:\/\/esehospitalguamalmagdalena.gov.co\/web\/wp-json\/wp\/v2\/types\/page"}],"author":[{"embeddable":true,"href":"https:\/\/esehospitalguamalmagdalena.gov.co\/web\/wp-json\/wp\/v2\/users\/1"}],"replies":[{"embeddable":true,"href":"https:\/\/esehospitalguamalmagdalena.gov.co\/web\/wp-json\/wp\/v2\/comments?post=19"}],"version-history":[{"count":25,"href":"https:\/\/esehospitalguamalmagdalena.gov.co\/web\/wp-json\/wp\/v2\/pages\/19\/revisions"}],"predecessor-version":[{"id":847,"href":"https:\/\/esehospitalguamalmagdalena.gov.co\/web\/wp-json\/wp\/v2\/pages\/19\/revisions\/847"}],"wp:attachment":[{"href":"https:\/\/esehospitalguamalmagdalena.gov.co\/web\/wp-json\/wp\/v2\/media?parent=19"}],"curies":[{"name":"wp","href":"https:\/\/api.w.org\/{rel}","templated":true}]}}